{"id":58,"date":"2022-09-25T17:23:36","date_gmt":"2022-09-25T17:23:36","guid":{"rendered":"https:\/\/b2b.profiteam.in.ua\/?page_id=58"},"modified":"2022-11-02T08:53:26","modified_gmt":"2022-11-02T08:53:26","slug":"uber-uns","status":"publish","type":"page","link":"https:\/\/b2b.profiteam.in.ua\/en\/uber-uns\/","title":{"rendered":"\u00dcber uns"},"content":{"rendered":"<p>Wir sind eine akkreditierte Vermittlungsagentur und verf\u00fcgen \u00fcber alle n\u00f6tigen Zulassungsunterlagen f\u00fcr Personalvermittlung ins Ausland. Seit 2016 funktioniert Profiteam GmbH erfolgreich als Spezialist im Bereich Praktikum und Ferienbesch\u00e4ftigung f\u00fcr Studenten sowie Besch\u00e4ftigung der ukrainischen Fachkr\u00e4fte in Deutschland. Unser Team stellt sich in erster Linie als zuverl\u00e4ssiger Berater f\u00fcr ukrainische Studenten und Fachkr\u00e4fte, die eine berufliche Herausforderung in Deutschland finden m\u00f6chten, sowie f\u00fcr deutsche Unternehmen, die nach geeigneten Mitarbeitern suchen, vor. Aus Erfahrung wissen wir, dass der pers\u00f6nliche Kontakt zum Kunden sehr wichtig ist. Wir tun alles daf\u00fcr, dass die Anforderungen des Arbeitgebers und die W\u00fcnsche der Studierenden m\u00f6glichst \u00fcbereinstimmen. Unsere Arbeit hat dazu gef\u00fchrt, dass viele Stellen f\u00fcr ukrainische Studenten und Fachkr\u00e4fte in verschiedenen Wirtschaftsbereichen: Landwirtschaft, Gastronomie, Hotellerie und Industrie bundesweit fest verplant sind. In Zusammenarbeit mit uns erhalten Sie individuelle und durchg\u00e4ngige Betreuung bei der Personalbeschaffung.<\/p>\n<p>Wir sind stolz auf unsere erfolgreichen Projekte, zufriedene Kunden und Auszeichnungen von fachlichen Institutionen:<\/p>\n<p>&nbsp;<\/p>\n","protected":false},"excerpt":{"rendered":"<p>Wir sind eine akkreditierte Vermittlungsagentur und verf\u00fcgen \u00fcber alle n\u00f6tigen Zulassungsunterlagen f\u00fcr Personalvermittlung ins Ausland. Seit 2016 funktioniert Profiteam GmbH erfolgreich als Spezialist im Bereich Praktikum und Ferienbesch\u00e4ftigung f\u00fcr Studenten sowie Besch\u00e4ftigung der ukrainischen Fachkr\u00e4fte in Deutschland. Unser Team stellt sich in erster Linie als zuverl\u00e4ssiger Berater f\u00fcr ukrainische Studenten und Fachkr\u00e4fte, die eine berufliche [&hellip;]<\/p>\n","protected":false},"author":1,"featured_media":0,"parent":0,"menu_order":0,"comment_status":"closed","ping_status":"closed","template":"","meta":{"_acf_changed":false,"footnotes":""},"acf":[],"_links":{"self":[{"href":"https:\/\/b2b.profiteam.in.ua\/en\/wp-json\/wp\/v2\/pages\/58"}],"collection":[{"href":"https:\/\/b2b.profiteam.in.ua\/en\/wp-json\/wp\/v2\/pages"}],"about":[{"href":"https:\/\/b2b.profiteam.in.ua\/en\/wp-json\/wp\/v2\/types\/page"}],"author":[{"embeddable":true,"href":"https:\/\/b2b.profiteam.in.ua\/en\/wp-json\/wp\/v2\/users\/1"}],"replies":[{"embeddable":true,"href":"https:\/\/b2b.profiteam.in.ua\/en\/wp-json\/wp\/v2\/comments?post=58"}],"version-history":[{"count":4,"href":"https:\/\/b2b.profiteam.in.ua\/en\/wp-json\/wp\/v2\/pages\/58\/revisions"}],"predecessor-version":[{"id":272,"href":"https:\/\/b2b.profiteam.in.ua\/en\/wp-json\/wp\/v2\/pages\/58\/revisions\/272"}],"wp:attachment":[{"href":"https:\/\/b2b.profiteam.in.ua\/en\/wp-json\/wp\/v2\/media?parent=58"}],"curies":[{"name":"wp","href":"https:\/\/api.w.org\/{rel}","templated":true}]}}