{"id":983,"date":"2024-01-31T14:11:08","date_gmt":"2024-01-31T14:11:08","guid":{"rendered":"https:\/\/b2b.profiteam.in.ua\/?page_id=983"},"modified":"2024-01-31T14:11:08","modified_gmt":"2024-01-31T14:11:08","slug":"privacy-policy","status":"publish","type":"page","link":"https:\/\/b2b.profiteam.in.ua\/en\/privacy-policy\/","title":{"rendered":"Datenschutzbestimmungen"},"content":{"rendered":"<p><a href=\"https:\/\/b2b.profiteam.in.ua\/privacy-policy\/\"><\/a><\/p>\r\n<p class=\"p1\">Wenn Sie die Dienstleistungen von Profiteam GmbH auf der Website www.b2b.profitteam.in.ua nutzen, vertrauen Sie uns Ihre pers\u00f6nlichen Daten an. Wir tun alles f\u00fcr ihren Aufbewahren und Sicherheit. Lesen Sie unsere Datenschutzbestimmungen, um zu erfahren, welche Daten wir sammeln und f\u00fcr welche Zwecke wir sie verwenden.<\/p>\r\n<p class=\"p1\">Wir erfassen und speichern alle Informationen, die Sie auf unserer Website eingeben oder uns auf andere Weise zur Verf\u00fcgung stellen. Wir ben\u00f6tigen die Daten der Nutzer, um Ihre Bewerbung m\u00f6glichst genau bearbeiten zu k\u00f6nnen und schnellstm\u00f6glich das passende Angebot zu finden. Zu diesen Daten geh\u00f6ren: Name, Kontakttelefonnummer, E-Mail-Adresse und, wenn Sie in der \u201ePersonalanfrage\u201c eine erweiterte Form ausgef\u00fcllt haben, zus\u00e4tzlich: Firmenname, Website und Postanschrift sowie Informationen zu Ihrer offenen Stelle (Branche\/ Fachgebiet, Anzahl der Mitarbeiter, Datum des Arbeitsbeginns). Ihre pers\u00f6nlichen Daten werden ausschlie\u00dflich f\u00fcr folgende Zwecke verwendet:<\/p>\r\n<p class=\"p1\">1. Um Dienstleistungen bereitzustellen und diese zu verwalten<\/p>\r\n<p class=\"p1\">2. F\u00fcr weitere Kommunikation mit Servicenutzern<\/p>\r\n<p class=\"p1\">3. F\u00fcr die M\u00f6glichkeit, allgemeine oder personalisierte Angebote an Servicenutzer zu senden.<\/p>\r\n<p class=\"p1\">4. Um nicht personenbezogene statistische Daten zu sammeln, die wir zur Verbesserung unserer Dienstleistungen nutzen k\u00f6nnen.<\/p>\r\n<p class=\"p1\">5. Um Gesetze und Vorschriften einzuhalten.<\/p>\r\n<p class=\"p1\">Eine Weitergabe der von uns erh<\/p>\r\n<p class=\"p1\">Die von uns erhobenen Daten werden an Dritte nicht weitergegeben.<\/p>\r\n<p class=\"p1\">Zur Gewinnung und Speicherung von Daten nutzen wir verschiedene Technologien, wie zum Beispiel Cookies und Pixel-Tags, lokale Speicherung, wie zum Beispiel Internetspeicher im Browser oder Anwendungscache, Datenbanken und Serverprotokolle.<\/p>\r\n<p class=\"p1\">Wenn Sie nicht m\u00f6chten, dass wir Ihre Daten verarbeiten, schreiben Sie uns an info@profitteam.in.ua<\/p>\r\n<p class=\"p1\">Wir behalten uns das Recht vor, diese Datenschutzbestimmungen jederzeit zu \u00e4ndern. Sie sollten sie daher regelm\u00e4\u00dfig \u00fcberpr\u00fcfen. \u00c4nderungen und Erl\u00e4uterungen werden unmittelbar nach ihrer Ver\u00f6ffentlichung auf der Website wirksam. Wenn wir wesentliche \u00c4nderungen an diesen Bestimmungen vornehmen, werden wir Sie \u00fcber die Aktualisierung der Bestimmungen informieren, damit Sie wissen, welche Informationen wir sammeln, wie wir sie verwenden.<\/p>\r\n<p class=\"p1\">Wenn Sie auf die von uns gespeicherten personenbezogenen Daten zugreifen, diese korrigieren, \u00e4ndern oder l\u00f6schen m\u00f6chten, k\u00f6nnen Sie uns an info@profitteam.in.ua schreiben.<\/p>\r\n<p><a href=\"https:\/\/b2b.profiteam.in.ua\/privacy-policy\/\"><\/a><\/p>","protected":false},"excerpt":{"rendered":"<p>Wenn Sie die Dienstleistungen von Profiteam GmbH auf der Website www.b2b.profitteam.in.ua nutzen, vertrauen Sie uns Ihre pers\u00f6nlichen Daten an. Wir tun alles f\u00fcr ihren Aufbewahren und Sicherheit. Lesen Sie unsere Datenschutzbestimmungen, um zu erfahren, welche Daten wir sammeln und f\u00fcr welche Zwecke wir sie verwenden. Wir erfassen und speichern alle Informationen, die Sie auf unserer [&hellip;]<\/p>\n","protected":false},"author":1,"featured_media":0,"parent":0,"menu_order":0,"comment_status":"closed","ping_status":"closed","template":"","meta":{"_acf_changed":false,"footnotes":""},"acf":[],"_links":{"self":[{"href":"https:\/\/b2b.profiteam.in.ua\/en\/wp-json\/wp\/v2\/pages\/983"}],"collection":[{"href":"https:\/\/b2b.profiteam.in.ua\/en\/wp-json\/wp\/v2\/pages"}],"about":[{"href":"https:\/\/b2b.profiteam.in.ua\/en\/wp-json\/wp\/v2\/types\/page"}],"author":[{"embeddable":true,"href":"https:\/\/b2b.profiteam.in.ua\/en\/wp-json\/wp\/v2\/users\/1"}],"replies":[{"embeddable":true,"href":"https:\/\/b2b.profiteam.in.ua\/en\/wp-json\/wp\/v2\/comments?post=983"}],"version-history":[{"count":1,"href":"https:\/\/b2b.profiteam.in.ua\/en\/wp-json\/wp\/v2\/pages\/983\/revisions"}],"predecessor-version":[{"id":984,"href":"https:\/\/b2b.profiteam.in.ua\/en\/wp-json\/wp\/v2\/pages\/983\/revisions\/984"}],"wp:attachment":[{"href":"https:\/\/b2b.profiteam.in.ua\/en\/wp-json\/wp\/v2\/media?parent=983"}],"curies":[{"name":"wp","href":"https:\/\/api.w.org\/{rel}","templated":true}]}}